{"id":1214,"date":"2025-09-01T12:37:55","date_gmt":"2025-09-01T10:37:55","guid":{"rendered":"https:\/\/thiasos.care\/cours\/"},"modified":"2025-09-01T12:37:55","modified_gmt":"2025-09-01T10:37:55","slug":"cours","status":"publish","type":"page","link":"https:\/\/www.thiasos.care\/en\/cours\/","title":{"rendered":"Cours"},"content":{"rendered":"<div class=\"learndash-wrap\"><div id=\"ld-course-list-content-a40675790927e035f19c24559543d191\" class=\"ld-course-list-content\" data-shortcode-atts=\"{\"course_grid\":\"true\"}\">\n\t\t\t<div class=\"ld-course-list-items row\">\n\t<div class=\"ld_course_grid col-sm-8 col-md-4  bb-course-item-wrap\">\n\n\t<div class=\"bb-cover-list-item\">\n\t\t\n\t\t\t\t<div class=\"bb-course-cover\">\n\t\t\t\t<div class=\"ld-status  free ld-third-background\">Free<\/div>\t\t\t\t\t\t<a title=\"\ud83c\udf1f Pr\u00e9parer sa sortie\" href=\"https:\/\/www.thiasos.care\/en\/courses\/preparer-sa-sortie\/\" class=\"bb-cover-wrap\">\n\t\t\t\t\t\t\t<img fetchpriority=\"high\" decoding=\"async\" width=\"624\" height=\"340\" src=\"https:\/\/thiasos.care\/wp-content\/uploads\/2025\/09\/retour-domicile-624x340.jpg\" class=\"attachment-post-thumbnail size-post-thumbnail wp-post-image\" alt=\"\" srcset=\"https:\/\/thiasos.care\/wp-content\/uploads\/2025\/09\/retour-domicile-624x340.jpg 624w, https:\/\/thiasos.care\/wp-content\/uploads\/2025\/09\/retour-domicile-300x164.jpg 300w, https:\/\/thiasos.care\/wp-content\/uploads\/2025\/09\/retour-domicile-1024x558.jpg 1024w, https:\/\/thiasos.care\/wp-content\/uploads\/2025\/09\/retour-domicile-768x419.jpg 768w, https:\/\/thiasos.care\/wp-content\/uploads\/2025\/09\/retour-domicile-1536x837.jpg 1536w, https:\/\/thiasos.care\/wp-content\/uploads\/2025\/09\/retour-domicile-18x10.jpg 18w, https:\/\/thiasos.care\/wp-content\/uploads\/2025\/09\/retour-domicile.jpg 1559w\" sizes=\"(max-width: 624px) 100vw, 624px\" \/>\t\t\t\t\t\t<\/a>\n\t\t\t\t\t\t\t\t\t\t<\/div>\n\n\t\t\n\t\t\n\t\t<div class=\"bb-card-course-details\">\n\t\t\t<div class=\"course-lesson-count\">3 Chapitres<\/div>\t\t\t<h2 class=\"bb-course-title\">\n\t\t\t\t<a href=\"https:\/\/www.thiasos.care\/en\/courses\/preparer-sa-sortie\/\">\ud83c\udf1f Pr\u00e9parer sa sortie<\/a>\n\t\t\t<\/h2>\n\t\t\t\t\t\t\t<p class=\"entry-content\">\ud83d\udcd6 Introduction au Guide La sortie de l\u2019h\u00f4pital marque un tournant important dans votre parcours. Apr\u00e8s des jours ou semaines\u2026<\/p>\n\t\t\t\t<div class=\"bb-course-meta\">\n\t\t<a class=\"item-avatar\" href=\"https:\/\/www.thiasos.care\/en\/membres\/thiasos\/\" aria-label=\"Thiasos\">\n\t\t<img alt='' src='https:\/\/thiasos.care\/wp-content\/uploads\/avatars\/1\/67dec9a54a116-bpthumb.png' srcset='https:\/\/thiasos.care\/wp-content\/uploads\/avatars\/1\/67dec9a54a116-bpthumb.png 2x' class='avatar avatar-80 photo' height='80' width='80' \/>\t<\/a>\n\t<strong>\n\t\t<a href=\"https:\/\/www.thiasos.care\/en\/membres\/thiasos\/\">Thiasos<\/a>\n\t<\/strong>\n<\/div>\n\t\t\t\t<div class=\"course-progress-wrap\">\n\t\t\t\t\t\t<div class=\"ld-progress ld-progress-inline\">\n\t\t\t\t\t<div class=\"ld-progress-heading\">\n\t\t\t\t\t\t\t<\/div>\n\n\t\t\t<div class=\"ld-progress-bar\">\n\t\t\t\t<div class=\"ld-progress-bar-percentage ld-secondary-background\" style=\"width:0%\"><\/div>\n\t\t\t<\/div>\n\t\t\t<div class=\"ld-progress-stats\">\n\t\t\t\t<div class=\"ld-progress-percentage ld-secondary-color course-completion-rate\">\n\t\t\t\t\t0% Complete\t\t\t\t<\/div>\n\t\t\t\t<div class=\"ld-progress-steps\">\n\t\t\t\t\t0\/0 Steps\t\t\t\t<\/div>\n\t\t\t<\/div> <!--\/.ld-progress-stats-->\n\t\t\t\t<\/div> <!--\/.ld-progress-->\n\t\t\t\t\t<\/div>\n\t\t\t\t                <p class=\"ld_course_grid_button\"><a class=\"btn btn-primary\" role=\"button\" href=\"https:\/\/www.thiasos.care\/en\/courses\/preparer-sa-sortie\/\" rel=\"bookmark\">See more\u2026<\/a><\/p>\n\t\t\t\t\n\t\t<\/div><!-- .entry-header -->\n\t<\/div><!-- #post-## -->\n<\/div>\n<div class=\"ld_course_grid col-sm-8 col-md-4  bb-course-item-wrap\">\n\n\t<div class=\"bb-cover-list-item\">\n\t\t\n\t\t\t\t<div class=\"bb-course-cover\">\n\t\t\t\t<div class=\"ld-status  free ld-third-background\">Free<\/div>\t\t\t\t\t\t<a title=\"\ud83d\udc8a Comprendre ses traitements\" href=\"https:\/\/www.thiasos.care\/en\/courses\/comprendre-ses-traitements\/\" class=\"bb-cover-wrap\">\n\t\t\t\t\t\t\t<img decoding=\"async\" width=\"624\" height=\"340\" src=\"https:\/\/thiasos.care\/wp-content\/uploads\/2025\/09\/medication-thiasos-624x340.jpg\" class=\"attachment-post-thumbnail size-post-thumbnail wp-post-image\" alt=\"\" srcset=\"https:\/\/thiasos.care\/wp-content\/uploads\/2025\/09\/medication-thiasos-624x340.jpg 624w, https:\/\/thiasos.care\/wp-content\/uploads\/2025\/09\/medication-thiasos-300x164.jpg 300w, https:\/\/thiasos.care\/wp-content\/uploads\/2025\/09\/medication-thiasos-1024x558.jpg 1024w, https:\/\/thiasos.care\/wp-content\/uploads\/2025\/09\/medication-thiasos-768x419.jpg 768w, https:\/\/thiasos.care\/wp-content\/uploads\/2025\/09\/medication-thiasos-1536x837.jpg 1536w, https:\/\/thiasos.care\/wp-content\/uploads\/2025\/09\/medication-thiasos-18x10.jpg 18w, https:\/\/thiasos.care\/wp-content\/uploads\/2025\/09\/medication-thiasos.jpg 1559w\" sizes=\"(max-width: 624px) 100vw, 624px\" \/>\t\t\t\t\t\t<\/a>\n\t\t\t\t\t\t\t\t\t\t<\/div>\n\n\t\t\n\t\t\n\t\t<div class=\"bb-card-course-details\">\n\t\t\t<div class=\"course-lesson-count\">3 Chapitres<\/div>\t\t\t<h2 class=\"bb-course-title\">\n\t\t\t\t<a href=\"https:\/\/www.thiasos.care\/en\/courses\/comprendre-ses-traitements\/\">\ud83d\udc8a Comprendre ses traitements<\/a>\n\t\t\t<\/h2>\n\t\t\t\t\t\t\t<p class=\"entry-content\">AVERTISSEMENT IMPORTANT : Ce guide d\u2019information g\u00e9n\u00e9rale ne remplace jamais l\u2019avis de votre \u00e9quipe m\u00e9dicale. Toute question sur vos traitements\u2026<\/p>\n\t\t\t\t<div class=\"bb-course-meta\">\n\t\t<a class=\"item-avatar\" href=\"https:\/\/www.thiasos.care\/en\/membres\/thiasos\/\" aria-label=\"Thiasos\">\n\t\t<img alt='' src='https:\/\/thiasos.care\/wp-content\/uploads\/avatars\/1\/67dec9a54a116-bpthumb.png' srcset='https:\/\/thiasos.care\/wp-content\/uploads\/avatars\/1\/67dec9a54a116-bpthumb.png 2x' class='avatar avatar-80 photo' height='80' width='80' \/>\t<\/a>\n\t<strong>\n\t\t<a href=\"https:\/\/www.thiasos.care\/en\/membres\/thiasos\/\">Thiasos<\/a>\n\t<\/strong>\n<\/div>\n\t\t\t\t<div class=\"course-progress-wrap\">\n\t\t\t\t\t\t<div class=\"ld-progress ld-progress-inline\">\n\t\t\t\t\t<div class=\"ld-progress-heading\">\n\t\t\t\t\t\t\t<\/div>\n\n\t\t\t<div class=\"ld-progress-bar\">\n\t\t\t\t<div class=\"ld-progress-bar-percentage ld-secondary-background\" style=\"width:0%\"><\/div>\n\t\t\t<\/div>\n\t\t\t<div class=\"ld-progress-stats\">\n\t\t\t\t<div class=\"ld-progress-percentage ld-secondary-color course-completion-rate\">\n\t\t\t\t\t0% Complete\t\t\t\t<\/div>\n\t\t\t\t<div class=\"ld-progress-steps\">\n\t\t\t\t\t0\/0 Steps\t\t\t\t<\/div>\n\t\t\t<\/div> <!--\/.ld-progress-stats-->\n\t\t\t\t<\/div> <!--\/.ld-progress-->\n\t\t\t\t\t<\/div>\n\t\t\t\t                <p class=\"ld_course_grid_button\"><a class=\"btn btn-primary\" role=\"button\" href=\"https:\/\/www.thiasos.care\/en\/courses\/comprendre-ses-traitements\/\" rel=\"bookmark\">See more\u2026<\/a><\/p>\n\t\t\t\t\n\t\t<\/div><!-- .entry-header -->\n\t<\/div><!-- #post-## -->\n<\/div>\n<div class=\"ld_course_grid col-sm-8 col-md-4  bb-course-item-wrap\">\n\n\t<div class=\"bb-cover-list-item\">\n\t\t\n\t\t\t\t<div class=\"bb-course-cover\">\n\t\t\t\t<div class=\"ld-status  free ld-third-background\">Free<\/div>\t\t\t\t\t\t<a title=\"\ud83d\udcda \u201cSurvivre\u201d \u00e0 l\u2019hospitalisation\" href=\"https:\/\/www.thiasos.care\/en\/courses\/survivre-a-lhospitalisation\/\" class=\"bb-cover-wrap\">\n\t\t\t\t\t\t\t<img decoding=\"async\" width=\"624\" height=\"340\" src=\"https:\/\/thiasos.care\/wp-content\/uploads\/2025\/09\/survivre-a-lhospitalisation-624x340.jpg\" class=\"attachment-post-thumbnail size-post-thumbnail wp-post-image\" alt=\"\" srcset=\"https:\/\/thiasos.care\/wp-content\/uploads\/2025\/09\/survivre-a-lhospitalisation-624x340.jpg 624w, https:\/\/thiasos.care\/wp-content\/uploads\/2025\/09\/survivre-a-lhospitalisation-300x164.jpg 300w, https:\/\/thiasos.care\/wp-content\/uploads\/2025\/09\/survivre-a-lhospitalisation-1024x558.jpg 1024w, https:\/\/thiasos.care\/wp-content\/uploads\/2025\/09\/survivre-a-lhospitalisation-768x419.jpg 768w, https:\/\/thiasos.care\/wp-content\/uploads\/2025\/09\/survivre-a-lhospitalisation-1536x837.jpg 1536w, https:\/\/thiasos.care\/wp-content\/uploads\/2025\/09\/survivre-a-lhospitalisation-18x10.jpg 18w, https:\/\/thiasos.care\/wp-content\/uploads\/2025\/09\/survivre-a-lhospitalisation.jpg 1559w\" sizes=\"(max-width: 624px) 100vw, 624px\" \/>\t\t\t\t\t\t<\/a>\n\t\t\t\t\t\t\t\t\t\t<\/div>\n\n\t\t\n\t\t\n\t\t<div class=\"bb-card-course-details\">\n\t\t\t<div class=\"course-lesson-count\">3 Chapitres<\/div>\t\t\t<h2 class=\"bb-course-title\">\n\t\t\t\t<a href=\"https:\/\/www.thiasos.care\/en\/courses\/survivre-a-lhospitalisation\/\">\ud83d\udcda \u201cSurvivre\u201d \u00e0 l\u2019hospitalisation<\/a>\n\t\t\t<\/h2>\n\t\t\t\t\t\t\t<p class=\"entry-content\">\ud83d\udcd6 Introduction au Guide Bienvenue dans votre premier guide Thiasos Care ! Ce guide a \u00e9t\u00e9 cr\u00e9\u00e9 par des patients\u2026<\/p>\n\t\t\t\t<div class=\"bb-course-meta\">\n\t\t<a class=\"item-avatar\" href=\"https:\/\/www.thiasos.care\/en\/membres\/thiasos\/\" aria-label=\"Thiasos\">\n\t\t<img alt='' src='https:\/\/thiasos.care\/wp-content\/uploads\/avatars\/1\/67dec9a54a116-bpthumb.png' srcset='https:\/\/thiasos.care\/wp-content\/uploads\/avatars\/1\/67dec9a54a116-bpthumb.png 2x' class='avatar avatar-80 photo' height='80' width='80' \/>\t<\/a>\n\t<strong>\n\t\t<a href=\"https:\/\/www.thiasos.care\/en\/membres\/thiasos\/\">Thiasos<\/a>\n\t<\/strong>\n<\/div>\n\t\t\t\t<div class=\"course-progress-wrap\">\n\t\t\t\t\t\t<div class=\"ld-progress ld-progress-inline\">\n\t\t\t\t\t<div class=\"ld-progress-heading\">\n\t\t\t\t\t\t\t<\/div>\n\n\t\t\t<div class=\"ld-progress-bar\">\n\t\t\t\t<div class=\"ld-progress-bar-percentage ld-secondary-background\" style=\"width:0%\"><\/div>\n\t\t\t<\/div>\n\t\t\t<div class=\"ld-progress-stats\">\n\t\t\t\t<div class=\"ld-progress-percentage ld-secondary-color course-completion-rate\">\n\t\t\t\t\t0% Complete\t\t\t\t<\/div>\n\t\t\t\t<div class=\"ld-progress-steps\">\n\t\t\t\t\t0\/0 Steps\t\t\t\t<\/div>\n\t\t\t<\/div> <!--\/.ld-progress-stats-->\n\t\t\t\t<\/div> <!--\/.ld-progress-->\n\t\t\t\t\t<\/div>\n\t\t\t\t                <p class=\"ld_course_grid_button\"><a class=\"btn btn-primary\" role=\"button\" href=\"https:\/\/www.thiasos.care\/en\/courses\/survivre-a-lhospitalisation\/\" rel=\"bookmark\">See more\u2026<\/a><\/p>\n\t\t\t\t\n\t\t<\/div><!-- .entry-header -->\n\t<\/div><!-- #post-## -->\n<\/div>\n\t<\/div>\n\t\t\t<\/div>\n\t\t<\/div>","protected":false},"excerpt":{"rendered":"","protected":false},"author":1,"featured_media":0,"parent":0,"menu_order":0,"comment_status":"closed","ping_status":"closed","template":"","meta":{"footnotes":""},"class_list":["post-1214","page","type-page","status-publish","hentry"],"yoast_head":"<!-- This site is optimized with the Yoast SEO plugin v27.5 - https:\/\/yoast.com\/product\/yoast-seo-wordpress\/ -->\n<title>Cours - Thiasos Care<\/title>\n<meta name=\"robots\" content=\"index, follow, max-snippet:-1, max-image-preview:large, max-video-preview:-1\" \/>\n<link rel=\"canonical\" href=\"https:\/\/www.thiasos.care\/en\/cours\/\" \/>\n<meta property=\"og:locale\" content=\"en_US\" \/>\n<meta property=\"og:type\" content=\"article\" \/>\n<meta property=\"og:title\" content=\"Cours - Thiasos Care\" \/>\n<meta property=\"og:url\" content=\"https:\/\/www.thiasos.care\/en\/cours\/\" \/>\n<meta property=\"og:site_name\" content=\"Thiasos Care\" \/>\n<meta property=\"article:publisher\" content=\"https:\/\/www.facebook.com\/thiasoscare\" \/>\n<meta name=\"twitter:card\" content=\"summary_large_image\" \/>\n<script type=\"application\/ld+json\" class=\"yoast-schema-graph\">{\"@context\":\"https:\\\/\\\/schema.org\",\"@graph\":[{\"@type\":\"WebPage\",\"@id\":\"https:\\\/\\\/www.thiasos.care\\\/cours\\\/\",\"url\":\"https:\\\/\\\/www.thiasos.care\\\/cours\\\/\",\"name\":\"Cours - Thiasos Care\",\"isPartOf\":{\"@id\":\"https:\\\/\\\/www.thiasos.care\\\/#website\"},\"datePublished\":\"2025-09-01T10:37:55+00:00\",\"breadcrumb\":{\"@id\":\"https:\\\/\\\/www.thiasos.care\\\/cours\\\/#breadcrumb\"},\"inLanguage\":\"en-US\",\"potentialAction\":[{\"@type\":\"ReadAction\",\"target\":[\"https:\\\/\\\/www.thiasos.care\\\/cours\\\/\"]}]},{\"@type\":\"BreadcrumbList\",\"@id\":\"https:\\\/\\\/www.thiasos.care\\\/cours\\\/#breadcrumb\",\"itemListElement\":[{\"@type\":\"ListItem\",\"position\":1,\"name\":\"Accueil\",\"item\":\"https:\\\/\\\/www.thiasos.care\\\/\"},{\"@type\":\"ListItem\",\"position\":2,\"name\":\"Cours\"}]},{\"@type\":\"WebSite\",\"@id\":\"https:\\\/\\\/www.thiasos.care\\\/#website\",\"url\":\"https:\\\/\\\/www.thiasos.care\\\/\",\"name\":\"Thiasos Care\",\"description\":\"Une hospitalisation plus humaine, \u00e7a commence ici.\",\"publisher\":{\"@id\":\"https:\\\/\\\/www.thiasos.care\\\/#organization\"},\"potentialAction\":[{\"@type\":\"SearchAction\",\"target\":{\"@type\":\"EntryPoint\",\"urlTemplate\":\"https:\\\/\\\/www.thiasos.care\\\/?s={search_term_string}\"},\"query-input\":{\"@type\":\"PropertyValueSpecification\",\"valueRequired\":true,\"valueName\":\"search_term_string\"}}],\"inLanguage\":\"en-US\"},{\"@type\":\"Organization\",\"@id\":\"https:\\\/\\\/www.thiasos.care\\\/#organization\",\"name\":\"Thiasos Care\",\"url\":\"https:\\\/\\\/www.thiasos.care\\\/\",\"logo\":{\"@type\":\"ImageObject\",\"inLanguage\":\"en-US\",\"@id\":\"https:\\\/\\\/www.thiasos.care\\\/#\\\/schema\\\/logo\\\/image\\\/\",\"url\":\"https:\\\/\\\/thiasos.care\\\/wp-content\\\/uploads\\\/2025\\\/03\\\/logo-web.png\",\"contentUrl\":\"https:\\\/\\\/thiasos.care\\\/wp-content\\\/uploads\\\/2025\\\/03\\\/logo-web.png\",\"width\":434,\"height\":80,\"caption\":\"Thiasos Care\"},\"image\":{\"@id\":\"https:\\\/\\\/www.thiasos.care\\\/#\\\/schema\\\/logo\\\/image\\\/\"},\"sameAs\":[\"https:\\\/\\\/www.facebook.com\\\/thiasoscare\",\"https:\\\/\\\/www.linkedin.com\\\/company\\\/thiasos-care\\\/\"]}]}<\/script>\n<!-- \/ Yoast SEO plugin. -->","yoast_head_json":{"title":"Cours - Thiasos Care","robots":{"index":"index","follow":"follow","max-snippet":"max-snippet:-1","max-image-preview":"max-image-preview:large","max-video-preview":"max-video-preview:-1"},"canonical":"https:\/\/www.thiasos.care\/en\/cours\/","og_locale":"en_US","og_type":"article","og_title":"Cours - Thiasos Care","og_url":"https:\/\/www.thiasos.care\/en\/cours\/","og_site_name":"Thiasos Care","article_publisher":"https:\/\/www.facebook.com\/thiasoscare","twitter_card":"summary_large_image","schema":{"@context":"https:\/\/schema.org","@graph":[{"@type":"WebPage","@id":"https:\/\/www.thiasos.care\/cours\/","url":"https:\/\/www.thiasos.care\/cours\/","name":"Cours - Thiasos Care","isPartOf":{"@id":"https:\/\/www.thiasos.care\/#website"},"datePublished":"2025-09-01T10:37:55+00:00","breadcrumb":{"@id":"https:\/\/www.thiasos.care\/cours\/#breadcrumb"},"inLanguage":"en-US","potentialAction":[{"@type":"ReadAction","target":["https:\/\/www.thiasos.care\/cours\/"]}]},{"@type":"BreadcrumbList","@id":"https:\/\/www.thiasos.care\/cours\/#breadcrumb","itemListElement":[{"@type":"ListItem","position":1,"name":"Accueil","item":"https:\/\/www.thiasos.care\/"},{"@type":"ListItem","position":2,"name":"Cours"}]},{"@type":"WebSite","@id":"https:\/\/www.thiasos.care\/#website","url":"https:\/\/www.thiasos.care\/","name":"Thiasos Care","description":"Une hospitalisation plus humaine, \u00e7a commence ici.","publisher":{"@id":"https:\/\/www.thiasos.care\/#organization"},"potentialAction":[{"@type":"SearchAction","target":{"@type":"EntryPoint","urlTemplate":"https:\/\/www.thiasos.care\/?s={search_term_string}"},"query-input":{"@type":"PropertyValueSpecification","valueRequired":true,"valueName":"search_term_string"}}],"inLanguage":"en-US"},{"@type":"Organization","@id":"https:\/\/www.thiasos.care\/#organization","name":"Thiasos Care","url":"https:\/\/www.thiasos.care\/","logo":{"@type":"ImageObject","inLanguage":"en-US","@id":"https:\/\/www.thiasos.care\/#\/schema\/logo\/image\/","url":"https:\/\/thiasos.care\/wp-content\/uploads\/2025\/03\/logo-web.png","contentUrl":"https:\/\/thiasos.care\/wp-content\/uploads\/2025\/03\/logo-web.png","width":434,"height":80,"caption":"Thiasos Care"},"image":{"@id":"https:\/\/www.thiasos.care\/#\/schema\/logo\/image\/"},"sameAs":["https:\/\/www.facebook.com\/thiasoscare","https:\/\/www.linkedin.com\/company\/thiasos-care\/"]}]}},"bb_access":{"can_access":true,"restrict_message":null},"_links":{"self":[{"href":"https:\/\/www.thiasos.care\/en\/wp-json\/wp\/v2\/pages\/1214","targetHints":{"allow":["GET"]}}],"collection":[{"href":"https:\/\/www.thiasos.care\/en\/wp-json\/wp\/v2\/pages"}],"about":[{"href":"https:\/\/www.thiasos.care\/en\/wp-json\/wp\/v2\/types\/page"}],"author":[{"embeddable":true,"href":"https:\/\/www.thiasos.care\/en\/wp-json\/wp\/v2\/users\/1"}],"replies":[{"embeddable":true,"href":"https:\/\/www.thiasos.care\/en\/wp-json\/wp\/v2\/comments?post=1214"}],"version-history":[{"count":0,"href":"https:\/\/www.thiasos.care\/en\/wp-json\/wp\/v2\/pages\/1214\/revisions"}],"wp:attachment":[{"href":"https:\/\/www.thiasos.care\/en\/wp-json\/wp\/v2\/media?parent=1214"}],"curies":[{"name":"wp","href":"https:\/\/api.w.org\/{rel}","templated":true}]}}